{"id":581,"date":"2024-06-11T09:43:08","date_gmt":"2024-06-11T09:43:08","guid":{"rendered":"https:\/\/new.restaurantbarcelonamilano.com\/gracies\/"},"modified":"2024-07-23T10:57:24","modified_gmt":"2024-07-23T10:57:24","slug":"gracies","status":"publish","type":"page","link":"https:\/\/restaurantbarcelonamilano.com\/ca\/gracies\/","title":{"rendered":"Gr\u00e0cies"},"content":{"rendered":"\t\t<div data-elementor-type=\"wp-page\" data-elementor-id=\"581\" class=\"elementor elementor-581 elementor-99\" data-elementor-post-type=\"page\">\n\t\t\t\t<div class=\"elementor-element elementor-element-43630960 e-con-full e-flex e-con e-parent\" data-id=\"43630960\" data-element_type=\"container\" data-e-type=\"container\" data-settings=\"{&quot;background_background&quot;:&quot;classic&quot;}\">\n\t\t<div class=\"elementor-element elementor-element-2668baf9 e-con-full e-flex e-con e-child\" data-id=\"2668baf9\" data-element_type=\"container\" data-e-type=\"container\">\n\t\t\t\t<div class=\"elementor-element elementor-element-13559051 elementor-widget elementor-widget-heading\" data-id=\"13559051\" data-element_type=\"widget\" data-e-type=\"widget\" data-widget_type=\"heading.default\">\n\t\t\t\t<div class=\"elementor-widget-container\">\n\t\t\t\t\t<h2 class=\"elementor-heading-title elementor-size-default\">Gr\u00e0cies Per contactar-nos<\/h2>\t\t\t\t<\/div>\n\t\t\t\t<\/div>\n\t\t\t\t<div class=\"elementor-element elementor-element-784c909e elementor-widget elementor-widget-text-editor\" data-id=\"784c909e\" data-element_type=\"widget\" data-e-type=\"widget\" data-widget_type=\"text-editor.default\">\n\t\t\t\t<div class=\"elementor-widget-container\">\n\t\t\t\t\t\t\t\t\t<p>En la brevetat ens posarem en contacte amb tu.<\/p>\n\t\t\t\t\t\t\t\t<\/div>\n\t\t\t\t<\/div>\n\t\t\t\t<div class=\"elementor-element elementor-element-2be1e2d3 elementor-widget elementor-widget-button\" data-id=\"2be1e2d3\" data-element_type=\"widget\" data-e-type=\"widget\" data-widget_type=\"button.default\">\n\t\t\t\t<div class=\"elementor-widget-container\">\n\t\t\t\t\t\t\t\t\t<div class=\"elementor-button-wrapper\">\n\t\t\t\t\t<a class=\"elementor-button elementor-button-link elementor-size-sm\" href=\"https:\/\/restaurantbarcelonamilano.com\/ca\/\" target=\"_blank\">\n\t\t\t\t\t\t<span class=\"elementor-button-content-wrapper\">\n\t\t\t\t\t\t\t\t\t<span class=\"elementor-button-text\">Continua navegant<\/span>\n\t\t\t\t\t<\/span>\n\t\t\t\t\t<\/a>\n\t\t\t\t<\/div>\n\t\t\t\t\t\t\t\t<\/div>\n\t\t\t\t<\/div>\n\t\t\t\t<\/div>\n\t\t\t\t<\/div>\n\t\t\t\t<\/div>\n\t\t","protected":false},"excerpt":{"rendered":"<p>Gr\u00e0cies Per contactar-nos En la brevetat ens posarem en contacte amb tu. Continua navegant<\/p>\n","protected":false},"author":1,"featured_media":495,"parent":0,"menu_order":0,"comment_status":"closed","ping_status":"closed","template":"elementor_header_footer","meta":{"footnotes":""},"class_list":["post-581","page","type-page","status-publish","has-post-thumbnail","hentry"],"yoast_head":"<!-- This site is optimized with the Yoast SEO plugin v27.2 - https:\/\/yoast.com\/product\/yoast-seo-wordpress\/ -->\n<title>Gr\u00e0cies - Restaurant Barcelona Milano<\/title>\n<meta name=\"description\" content=\"Gr\u00e0cies\" \/>\n<meta name=\"robots\" content=\"index, follow, max-snippet:-1, max-image-preview:large, max-video-preview:-1\" \/>\n<link rel=\"canonical\" href=\"https:\/\/restaurantbarcelonamilano.com\/ca\/gracies\/\" \/>\n<meta property=\"og:locale\" content=\"ca_ES\" \/>\n<meta property=\"og:type\" content=\"article\" \/>\n<meta property=\"og:title\" content=\"Gr\u00e0cies - Restaurant Barcelona Milano\" \/>\n<meta property=\"og:description\" content=\"Gr\u00e0cies\" \/>\n<meta property=\"og:url\" content=\"https:\/\/restaurantbarcelonamilano.com\/ca\/gracies\/\" \/>\n<meta property=\"og:site_name\" content=\"Restaurant Barcelona Milano\" \/>\n<meta property=\"article:publisher\" content=\"https:\/\/www.facebook.com\/RestaurantBarcelonaMilano\" \/>\n<meta property=\"article:modified_time\" content=\"2024-07-23T10:57:24+00:00\" \/>\n<meta property=\"og:image\" content=\"https:\/\/restaurantbarcelonamilano.com\/wp-content\/uploads\/2024\/06\/Rastaurant-Barcelona-Milano-03.jpg\" \/>\n\t<meta property=\"og:image:width\" content=\"1200\" \/>\n\t<meta property=\"og:image:height\" content=\"600\" \/>\n\t<meta property=\"og:image:type\" content=\"image\/jpeg\" \/>\n<meta name=\"twitter:card\" content=\"summary_large_image\" \/>\n<meta name=\"twitter:label1\" content=\"Temps estimat de lectura\" \/>\n\t<meta name=\"twitter:data1\" content=\"1 minut\" \/>\n<script type=\"application\/ld+json\" class=\"yoast-schema-graph\">{\"@context\":\"https:\/\/schema.org\",\"@graph\":[{\"@type\":\"WebPage\",\"@id\":\"https:\/\/restaurantbarcelonamilano.com\/ca\/gracies\/\",\"url\":\"https:\/\/restaurantbarcelonamilano.com\/ca\/gracies\/\",\"name\":\"Gr\u00e0cies - Restaurant Barcelona Milano\",\"isPartOf\":{\"@id\":\"https:\/\/restaurantbarcelonamilano.com\/ca\/#website\"},\"primaryImageOfPage\":{\"@id\":\"https:\/\/restaurantbarcelonamilano.com\/ca\/gracies\/#primaryimage\"},\"image\":{\"@id\":\"https:\/\/restaurantbarcelonamilano.com\/ca\/gracies\/#primaryimage\"},\"thumbnailUrl\":\"https:\/\/restaurantbarcelonamilano.com\/wp-content\/uploads\/2024\/06\/Rastaurant-Barcelona-Milano-03.jpg\",\"datePublished\":\"2024-06-11T09:43:08+00:00\",\"dateModified\":\"2024-07-23T10:57:24+00:00\",\"description\":\"Gr\u00e0cies\",\"breadcrumb\":{\"@id\":\"https:\/\/restaurantbarcelonamilano.com\/ca\/gracies\/#breadcrumb\"},\"inLanguage\":\"ca\",\"potentialAction\":[{\"@type\":\"ReadAction\",\"target\":[\"https:\/\/restaurantbarcelonamilano.com\/ca\/gracies\/\"]}]},{\"@type\":\"ImageObject\",\"inLanguage\":\"ca\",\"@id\":\"https:\/\/restaurantbarcelonamilano.com\/ca\/gracies\/#primaryimage\",\"url\":\"https:\/\/restaurantbarcelonamilano.com\/wp-content\/uploads\/2024\/06\/Rastaurant-Barcelona-Milano-03.jpg\",\"contentUrl\":\"https:\/\/restaurantbarcelonamilano.com\/wp-content\/uploads\/2024\/06\/Rastaurant-Barcelona-Milano-03.jpg\",\"width\":1200,\"height\":600,\"caption\":\"Terraza\"},{\"@type\":\"BreadcrumbList\",\"@id\":\"https:\/\/restaurantbarcelonamilano.com\/ca\/gracies\/#breadcrumb\",\"itemListElement\":[{\"@type\":\"ListItem\",\"position\":1,\"name\":\"Portada\",\"item\":\"https:\/\/restaurantbarcelonamilano.com\/ca\/\"},{\"@type\":\"ListItem\",\"position\":2,\"name\":\"Gr\u00e0cies\"}]},{\"@type\":\"WebSite\",\"@id\":\"https:\/\/restaurantbarcelonamilano.com\/ca\/#website\",\"url\":\"https:\/\/restaurantbarcelonamilano.com\/ca\/\",\"name\":\"Restaurant Barcelona Milano\",\"description\":\"Restaurante de fusi\u00f3n \u00fanica de cocina italiana y tradici\u00f3n catalana\",\"publisher\":{\"@id\":\"https:\/\/restaurantbarcelonamilano.com\/ca\/#organization\"},\"potentialAction\":[{\"@type\":\"SearchAction\",\"target\":{\"@type\":\"EntryPoint\",\"urlTemplate\":\"https:\/\/restaurantbarcelonamilano.com\/ca\/?s={search_term_string}\"},\"query-input\":{\"@type\":\"PropertyValueSpecification\",\"valueRequired\":true,\"valueName\":\"search_term_string\"}}],\"inLanguage\":\"ca\"},{\"@type\":\"Organization\",\"@id\":\"https:\/\/restaurantbarcelonamilano.com\/ca\/#organization\",\"name\":\"Restaurant Barcelona Milano\",\"url\":\"https:\/\/restaurantbarcelonamilano.com\/ca\/\",\"logo\":{\"@type\":\"ImageObject\",\"inLanguage\":\"ca\",\"@id\":\"https:\/\/restaurantbarcelonamilano.com\/ca\/#\/schema\/logo\/image\/\",\"url\":\"https:\/\/restaurantbarcelonamilano.com\/wp-content\/uploads\/2024\/06\/logo_barcelonamilano.png\",\"contentUrl\":\"https:\/\/restaurantbarcelonamilano.com\/wp-content\/uploads\/2024\/06\/logo_barcelonamilano.png\",\"width\":220,\"height\":81,\"caption\":\"Restaurant Barcelona Milano\"},\"image\":{\"@id\":\"https:\/\/restaurantbarcelonamilano.com\/ca\/#\/schema\/logo\/image\/\"},\"sameAs\":[\"https:\/\/www.facebook.com\/RestaurantBarcelonaMilano\"]}]}<\/script>\n<!-- \/ Yoast SEO plugin. -->","yoast_head_json":{"title":"Gr\u00e0cies - Restaurant Barcelona Milano","description":"Gr\u00e0cies","robots":{"index":"index","follow":"follow","max-snippet":"max-snippet:-1","max-image-preview":"max-image-preview:large","max-video-preview":"max-video-preview:-1"},"canonical":"https:\/\/restaurantbarcelonamilano.com\/ca\/gracies\/","og_locale":"ca_ES","og_type":"article","og_title":"Gr\u00e0cies - Restaurant Barcelona Milano","og_description":"Gr\u00e0cies","og_url":"https:\/\/restaurantbarcelonamilano.com\/ca\/gracies\/","og_site_name":"Restaurant Barcelona Milano","article_publisher":"https:\/\/www.facebook.com\/RestaurantBarcelonaMilano","article_modified_time":"2024-07-23T10:57:24+00:00","og_image":[{"width":1200,"height":600,"url":"https:\/\/restaurantbarcelonamilano.com\/wp-content\/uploads\/2024\/06\/Rastaurant-Barcelona-Milano-03.jpg","type":"image\/jpeg"}],"twitter_card":"summary_large_image","twitter_misc":{"Temps estimat de lectura":"1 minut"},"schema":{"@context":"https:\/\/schema.org","@graph":[{"@type":"WebPage","@id":"https:\/\/restaurantbarcelonamilano.com\/ca\/gracies\/","url":"https:\/\/restaurantbarcelonamilano.com\/ca\/gracies\/","name":"Gr\u00e0cies - Restaurant Barcelona Milano","isPartOf":{"@id":"https:\/\/restaurantbarcelonamilano.com\/ca\/#website"},"primaryImageOfPage":{"@id":"https:\/\/restaurantbarcelonamilano.com\/ca\/gracies\/#primaryimage"},"image":{"@id":"https:\/\/restaurantbarcelonamilano.com\/ca\/gracies\/#primaryimage"},"thumbnailUrl":"https:\/\/restaurantbarcelonamilano.com\/wp-content\/uploads\/2024\/06\/Rastaurant-Barcelona-Milano-03.jpg","datePublished":"2024-06-11T09:43:08+00:00","dateModified":"2024-07-23T10:57:24+00:00","description":"Gr\u00e0cies","breadcrumb":{"@id":"https:\/\/restaurantbarcelonamilano.com\/ca\/gracies\/#breadcrumb"},"inLanguage":"ca","potentialAction":[{"@type":"ReadAction","target":["https:\/\/restaurantbarcelonamilano.com\/ca\/gracies\/"]}]},{"@type":"ImageObject","inLanguage":"ca","@id":"https:\/\/restaurantbarcelonamilano.com\/ca\/gracies\/#primaryimage","url":"https:\/\/restaurantbarcelonamilano.com\/wp-content\/uploads\/2024\/06\/Rastaurant-Barcelona-Milano-03.jpg","contentUrl":"https:\/\/restaurantbarcelonamilano.com\/wp-content\/uploads\/2024\/06\/Rastaurant-Barcelona-Milano-03.jpg","width":1200,"height":600,"caption":"Terraza"},{"@type":"BreadcrumbList","@id":"https:\/\/restaurantbarcelonamilano.com\/ca\/gracies\/#breadcrumb","itemListElement":[{"@type":"ListItem","position":1,"name":"Portada","item":"https:\/\/restaurantbarcelonamilano.com\/ca\/"},{"@type":"ListItem","position":2,"name":"Gr\u00e0cies"}]},{"@type":"WebSite","@id":"https:\/\/restaurantbarcelonamilano.com\/ca\/#website","url":"https:\/\/restaurantbarcelonamilano.com\/ca\/","name":"Restaurant Barcelona Milano","description":"Restaurante de fusi\u00f3n \u00fanica de cocina italiana y tradici\u00f3n catalana","publisher":{"@id":"https:\/\/restaurantbarcelonamilano.com\/ca\/#organization"},"potentialAction":[{"@type":"SearchAction","target":{"@type":"EntryPoint","urlTemplate":"https:\/\/restaurantbarcelonamilano.com\/ca\/?s={search_term_string}"},"query-input":{"@type":"PropertyValueSpecification","valueRequired":true,"valueName":"search_term_string"}}],"inLanguage":"ca"},{"@type":"Organization","@id":"https:\/\/restaurantbarcelonamilano.com\/ca\/#organization","name":"Restaurant Barcelona Milano","url":"https:\/\/restaurantbarcelonamilano.com\/ca\/","logo":{"@type":"ImageObject","inLanguage":"ca","@id":"https:\/\/restaurantbarcelonamilano.com\/ca\/#\/schema\/logo\/image\/","url":"https:\/\/restaurantbarcelonamilano.com\/wp-content\/uploads\/2024\/06\/logo_barcelonamilano.png","contentUrl":"https:\/\/restaurantbarcelonamilano.com\/wp-content\/uploads\/2024\/06\/logo_barcelonamilano.png","width":220,"height":81,"caption":"Restaurant Barcelona Milano"},"image":{"@id":"https:\/\/restaurantbarcelonamilano.com\/ca\/#\/schema\/logo\/image\/"},"sameAs":["https:\/\/www.facebook.com\/RestaurantBarcelonaMilano"]}]}},"_links":{"self":[{"href":"https:\/\/restaurantbarcelonamilano.com\/ca\/wp-json\/wp\/v2\/pages\/581","targetHints":{"allow":["GET"]}}],"collection":[{"href":"https:\/\/restaurantbarcelonamilano.com\/ca\/wp-json\/wp\/v2\/pages"}],"about":[{"href":"https:\/\/restaurantbarcelonamilano.com\/ca\/wp-json\/wp\/v2\/types\/page"}],"author":[{"embeddable":true,"href":"https:\/\/restaurantbarcelonamilano.com\/ca\/wp-json\/wp\/v2\/users\/1"}],"replies":[{"embeddable":true,"href":"https:\/\/restaurantbarcelonamilano.com\/ca\/wp-json\/wp\/v2\/comments?post=581"}],"version-history":[{"count":3,"href":"https:\/\/restaurantbarcelonamilano.com\/ca\/wp-json\/wp\/v2\/pages\/581\/revisions"}],"predecessor-version":[{"id":793,"href":"https:\/\/restaurantbarcelonamilano.com\/ca\/wp-json\/wp\/v2\/pages\/581\/revisions\/793"}],"wp:featuredmedia":[{"embeddable":true,"href":"https:\/\/restaurantbarcelonamilano.com\/ca\/wp-json\/wp\/v2\/media\/495"}],"wp:attachment":[{"href":"https:\/\/restaurantbarcelonamilano.com\/ca\/wp-json\/wp\/v2\/media?parent=581"}],"curies":[{"name":"wp","href":"https:\/\/api.w.org\/{rel}","templated":true}]}}